{"id":683,"date":"2001-01-01T10:10:10","date_gmt":"2001-01-01T09:10:10","guid":{"rendered":"http:\/\/w-cm.net\/wordpress\/?page_id=683"},"modified":"2020-07-17T06:52:46","modified_gmt":"2020-07-17T06:52:46","slug":"methodologies","status":"publish","type":"page","link":"https:\/\/www.proelan.com\/index.php\/methodologies\/","title":{"rendered":"Une expertise m\u00e9thodologique"},"content":{"rendered":"<p>Proelan sait s&#8217;adapter aux m\u00e9thodologies projet de ses clients avec des \u00e9quipes de consultants form\u00e9es et certifi\u00e9s aux m\u00e9thodologies les plus r\u00e9pandues (AGILE, CYCLE EN V, etc) ayant des exp\u00e9riences r\u00e9ussies de projet. Proelan dispose des outils logiciels et certifications dans chacune de ces m\u00e9thodologies.<\/p>\n<p><img loading=\"lazy\" decoding=\"async\" class=\"size-full wp-image-312 aligncenter\" src=\"http:\/\/w-cm.net\/wordpress\/wp-content\/uploads\/2016\/03\/methodes.jpg\" alt=\"methodes\" width=\"860\" height=\"344\" title=\"\" srcset=\"https:\/\/www.proelan.com\/wp-content\/uploads\/2016\/03\/methodes.jpg 860w, https:\/\/www.proelan.com\/wp-content\/uploads\/2016\/03\/methodes-300x120.jpg 300w, https:\/\/www.proelan.com\/wp-content\/uploads\/2016\/03\/methodes-768x307.jpg 768w\" sizes=\"auto, (max-width: 860px) 100vw, 860px\" \/><\/p>\n<p style=\"text-align: center;\"><em>M\u00e9thodologies Proelan : diff\u00e9rence entre &#8220;Cycle en V&#8221; et &#8220;AGILE&#8221;<\/em><\/p>\n","protected":false},"excerpt":{"rendered":"<p>Proelan sait s&#8217;adapter aux m\u00e9thodologies projet de ses clients avec des \u00e9quipes de consultants form\u00e9es et certifi\u00e9s aux m\u00e9thodologies les plus r\u00e9pandues (AGILE, CYCLE EN V, etc) ayant des exp\u00e9riences r\u00e9ussies de projet. Proelan dispose des outils logiciels et certifications dans chacune de ces m\u00e9thodologies. M\u00e9thodologies Proelan : diff\u00e9rence entre &#8220;Cycle en V&#8221; et &#8220;AGILE&#8221;<\/p>\n","protected":false},"author":4,"featured_media":0,"parent":0,"menu_order":0,"comment_status":"closed","ping_status":"closed","template":"","meta":{"footnotes":""},"class_list":["post-683","page","type-page","status-publish","hentry"],"_links":{"self":[{"href":"https:\/\/www.proelan.com\/index.php\/wp-json\/wp\/v2\/pages\/683","targetHints":{"allow":["GET"]}}],"collection":[{"href":"https:\/\/www.proelan.com\/index.php\/wp-json\/wp\/v2\/pages"}],"about":[{"href":"https:\/\/www.proelan.com\/index.php\/wp-json\/wp\/v2\/types\/page"}],"author":[{"embeddable":true,"href":"https:\/\/www.proelan.com\/index.php\/wp-json\/wp\/v2\/users\/4"}],"replies":[{"embeddable":true,"href":"https:\/\/www.proelan.com\/index.php\/wp-json\/wp\/v2\/comments?post=683"}],"version-history":[{"count":0,"href":"https:\/\/www.proelan.com\/index.php\/wp-json\/wp\/v2\/pages\/683\/revisions"}],"wp:attachment":[{"href":"https:\/\/www.proelan.com\/index.php\/wp-json\/wp\/v2\/media?parent=683"}],"curies":[{"name":"wp","href":"https:\/\/api.w.org\/{rel}","templated":true}]}}