{"id":62,"date":"2016-03-10T21:11:30","date_gmt":"2016-03-10T20:11:30","guid":{"rendered":"http:\/\/w-cm.net\/wordpress\/index.php\/postes\/"},"modified":"2026-04-10T08:10:37","modified_gmt":"2026-04-10T07:10:37","slug":"postes-a-pourvoir","status":"publish","type":"page","link":"https:\/\/www.proelan.com\/index.php\/postes-a-pourvoir\/","title":{"rendered":"Postes \u00e0 pourvoir"},"content":{"rendered":"<div class=\"job_listings\" data-location=\"\" data-keywords=\"\" data-show_filters=\"true\" data-show_pagination=\"false\" data-per_page=\"10\" data-orderby=\"featured\" data-order=\"DESC\" data-categories=\"\" data-disable-form-state-storage=\"\" data-featured_first=\"false\" data-post_id=\"62\" >\n<form class=\"job_filters\">\n\t\n\t<div class=\"search_jobs\">\n\t\t\n\t\t<div class=\"search_keywords\">\n\t\t\t<label for=\"search_keywords\">Mots-cl\u00e9s<\/label>\n\t\t\t<input type=\"text\" name=\"search_keywords\" id=\"search_keywords\" placeholder=\"Mots-cl\u00e9s\" value=\"\" \/>\n\t\t<\/div>\n\n\t\t<div class=\"search_location\">\n\t\t\t<label for=\"search_location\">Localisation<\/label>\n\t\t\t<input type=\"text\" name=\"search_location\" id=\"search_location\" placeholder=\"Localisation\" value=\"\" \/>\n\t\t<\/div>\n\n\t\t\t\t\t<div class=\"search_remote_position\">\n\t\t\t\t<input type=\"checkbox\" class=\"input-checkbox\" name=\"remote_position\" id=\"remote_position\" placeholder=\"Localisation\" value=\"1\"  \/>\n\t\t\t\t<label for=\"remote_position\" id=\"remote_position_label\">Postes en t\u00e9l\u00e9travail uniquement<\/label>\n\t\t\t<\/div>\n\t\t\n\t\t<div style=\"clear: both\"><\/div>\n\n\t\t\n\t\t\t\t\t<div class=\"search_submit\">\n\t\t\t\t<input type=\"submit\" value=\"Rechercher des offres d\u2019emploi\">\n\t\t\t<\/div>\n\t\t\n\t\t\t<\/div>\n\n\t\t<ul class=\"job_types\">\n\t\t\t\t\t<li><label for=\"job_type_cdd\" class=\"cdd\"><input type=\"checkbox\" name=\"filter_job_type[]\" value=\"cdd\"  checked='checked' id=\"job_type_cdd\" \/> CDD<\/label><\/li>\n\t\t\t\t\t<li><label for=\"job_type_cdi\" class=\"cdi\"><input type=\"checkbox\" name=\"filter_job_type[]\" value=\"cdi\"  checked='checked' id=\"job_type_cdi\" \/> CDI<\/label><\/li>\n\t\t\t\t\t<li><label for=\"job_type_mission-freelance\" class=\"mission-freelance\"><input type=\"checkbox\" name=\"filter_job_type[]\" value=\"mission-freelance\"  checked='checked' id=\"job_type_mission-freelance\" \/> Mission Freelance<\/label><\/li>\n\t\t\t\t\t<li><label for=\"job_type_pre-embauche\" class=\"pre-embauche\"><input type=\"checkbox\" name=\"filter_job_type[]\" value=\"pre-embauche\"  checked='checked' id=\"job_type_pre-embauche\" \/> Pr\u00e9-embauche<\/label><\/li>\n\t\t\t\t\t<li><label for=\"job_type_stage\" class=\"stage\"><input type=\"checkbox\" name=\"filter_job_type[]\" value=\"stage\"  checked='checked' id=\"job_type_stage\" \/> Stage<\/label><\/li>\n\t\t\t<\/ul>\n\t<input type=\"hidden\" name=\"filter_job_type[]\" value=\"\" \/>\n<div class=\"showing_jobs\"><\/div><\/form>\n\n\n<noscript>Votre navigateur ne supporte pas JavaScript, ou bien JavaScript est d\u00e9sactiv\u00e9. JavaScript doit \u00eatre activ\u00e9 pour pouvoir visualiser des postes.<\/noscript>\n<ul class=\"job_listings\">\n<\/ul>\n<a class=\"load_more_jobs\" href=\"#\" style=\"display:none;\"><strong>Afficher plus d\u2019offres<\/strong><\/a><\/div>\n<p>Si aucune de ces annonces ne correspond \u00e0 votre profil, vous pouvez n\u00e9anmoins nous envoyer une\u00a0<a href=\"\/?f=1#contact\">Candidature Spontan\u00e9e<\/a> !<\/p>\n","protected":false},"excerpt":{"rendered":"<p>Si aucune de ces annonces ne correspond \u00e0 votre profil, vous pouvez n\u00e9anmoins nous envoyer une\u00a0Candidature Spontan\u00e9e !<\/p>\n","protected":false},"author":4,"featured_media":0,"parent":0,"menu_order":0,"comment_status":"closed","ping_status":"closed","template":"","meta":{"footnotes":""},"class_list":["post-62","page","type-page","status-publish","hentry"],"_links":{"self":[{"href":"https:\/\/www.proelan.com\/index.php\/wp-json\/wp\/v2\/pages\/62","targetHints":{"allow":["GET"]}}],"collection":[{"href":"https:\/\/www.proelan.com\/index.php\/wp-json\/wp\/v2\/pages"}],"about":[{"href":"https:\/\/www.proelan.com\/index.php\/wp-json\/wp\/v2\/types\/page"}],"author":[{"embeddable":true,"href":"https:\/\/www.proelan.com\/index.php\/wp-json\/wp\/v2\/users\/4"}],"replies":[{"embeddable":true,"href":"https:\/\/www.proelan.com\/index.php\/wp-json\/wp\/v2\/comments?post=62"}],"version-history":[{"count":1,"href":"https:\/\/www.proelan.com\/index.php\/wp-json\/wp\/v2\/pages\/62\/revisions"}],"predecessor-version":[{"id":2703,"href":"https:\/\/www.proelan.com\/index.php\/wp-json\/wp\/v2\/pages\/62\/revisions\/2703"}],"wp:attachment":[{"href":"https:\/\/www.proelan.com\/index.php\/wp-json\/wp\/v2\/media?parent=62"}],"curies":[{"name":"wp","href":"https:\/\/api.w.org\/{rel}","templated":true}]}}