{"id":41,"date":"2016-03-10T18:46:55","date_gmt":"2016-03-10T17:46:55","guid":{"rendered":"http:\/\/w-cm.net\/wordpress\/?page_id=41"},"modified":"2025-07-04T02:56:57","modified_gmt":"2025-07-04T01:56:57","slug":"logiciels","status":"publish","type":"page","link":"https:\/\/www.proelan.com\/index.php\/logiciels\/","title":{"rendered":"Olympe BI Suite"},"content":{"rendered":"<div class=\"pagebannertitle\">\n<div class=\"bannermaintitle\">OLYMPE BI SUITE<\/div>\n<div class=\"bannersubtitle\">Solutions d\u00e9cisionnelles Proelan<\/div>\n<\/div>\n<p class=\"navihome\"><a class=\"pull-right naviblue textuline\" href=\"\/#focus\">Retourner \u00e0 l&#8217;offre Proelan<\/a><\/p>\n<div class=\"clearfix\"><\/div>\n<div class=\"clearfix\"><\/div>\n<div class=\"clearfix\">\u00a0 \u00a0 \u00a0 \u00a0 \u00a0 \u00a0 \u00a0 \u00a0 \u00a0 \u00a0 \u00a0 \u00a0 <span style=\"color: #ffffff;\">\u00a0 \u00a0OLYMPE<\/span><\/div>\n<div class=\"clearfix\">Olympe BI Suite\u00a0est une plateforme d\u00e9cisionnelle compl\u00e8te d\u00e9velopp\u00e9e par la soci\u00e9t\u00e9 Proelan qui g\u00e8re l&#8217;ensemble de la cha\u00eene de valeurs BI depuis l&#8217;<strong><span style=\"color: #6688cc;\">extraction des donn\u00e9es<\/span><\/strong> des applicatifs jusqu&#8217;\u00e0 la <strong><span style=\"color: #6688cc;\">diffusion contr\u00f4l\u00e9e des rapports et tableaux de bord<\/span><\/strong>. Cet outil existe depuis 2002 et il est utilis\u00e9 surtout dans un portefeuille de grands comptes de l&#8217;Industrie fran\u00e7aise. Gr\u00e2ce \u00e0 cet outil unique et \u00e0 son <a class=\"pageblue\" href=\"\/index.php\/direction-de-projet\/\">Centre d&#8217;Expertise BI<\/a>, Proelan r\u00e9pond aux diff\u00e9rents probl\u00e8mes pos\u00e9s par la multiplication des outils d\u00e9cisionnels pour des grandes organisations.\u00a0Olympe BI Suite est compos\u00e9e de deux modules qui partagent la m\u00eame interface d&#8217;administration :\u00a0<strong><span style=\"color: #6688cc;\">Olympe BI Portal<\/span> &#8211;\u00a0<\/strong>le portail d\u00e9cisionnel et\u00a0<span style=\"color: #6688cc;\"><strong>Olympe BI Integration Server &#8211;<\/strong><\/span>\u00a0la solution de Data Management et d&#8217;Int\u00e9gration.<\/div>\n<div class=\"clearfix\"><\/div>\n<div class=\"clearfix\"><span style=\"color: #ffffff;\">\u00a0OLY<\/span><\/div>\n<h1>OLYMPE BI PORTAL<\/h1>\n<h1><span style=\"color: #6688cc;\"><strong>Toute votre\u00a0activit\u00e9 d\u00e9cisionnelle dans un\u00a0portail unique<img class=\"size-full wp-image-493 alignright\" alt=\"\" \/><\/strong><\/span><\/h1>\n<p>L&#8217;utilisateur dispose d&#8217;un bureau d\u00e9di\u00e9 qui lui permet de :<img loading=\"lazy\" decoding=\"async\" class=\"size-full wp-image-1101 alignright\" src=\"\/wp-content\/uploads\/2016\/06\/olympe.jpg\" alt=\"olympe\" width=\"577\" height=\"506\" title=\"\"><\/p>\n<p><span style=\"color: #6688cc;\"><strong><img loading=\"lazy\" decoding=\"async\" class=\"alignnone size-full wp-image-272\" src=\"\/wp-content\/uploads\/2016\/03\/puce.jpg\" alt=\"puce\" width=\"10\" height=\"10\" title=\"\">\u00a0Regrouper\u00a0<\/strong><\/span>TOUS ses rapports et tableaux de bord favoris, de les rechercher, classer, historier.<\/p>\n<p><span style=\"color: #6688cc;\"><strong><img loading=\"lazy\" decoding=\"async\" class=\"alignnone size-full wp-image-272\" src=\"\/wp-content\/uploads\/2016\/03\/puce.jpg\" alt=\"puce\" width=\"10\" height=\"10\" title=\"\">\u00a0Editer\u00a0<\/strong><\/span>dans les formats de votre choix<strong><span style=\"color: #6688cc;\">, relancer, planifier et distribuer<\/span><\/strong>\u00a0ses rapports facilement sans aucune expertise logicielle BI.<\/p>\n<p><span style=\"color: #6688cc;\"><strong><img loading=\"lazy\" decoding=\"async\" class=\"alignnone size-full wp-image-272\" src=\"\/wp-content\/uploads\/2016\/03\/puce.jpg\" alt=\"puce\" width=\"10\" height=\"10\" title=\"\">\u00a0Partager et publier\u00a0<\/strong><\/span>en fonction des droits exclusifs octroy\u00e9s par l&#8217;administrateur.<\/p>\n<p><span style=\"color: #6688cc;\"><strong><img loading=\"lazy\" decoding=\"async\" class=\"alignnone size-full wp-image-272\" src=\"\/wp-content\/uploads\/2016\/03\/puce.jpg\" alt=\"puce\" width=\"10\" height=\"10\" title=\"\">\u00a0Noter et commenter\u00a0<\/strong><\/span>les rapports et tableaux de bord en mode collaboratif pour le partage de connaissance.<\/p>\n<p><strong><img loading=\"lazy\" decoding=\"async\" class=\"alignnone size-full wp-image-272\" src=\"\/wp-content\/uploads\/2016\/03\/puce.jpg\" alt=\"puce\" width=\"10\" height=\"10\" title=\"\">\u00a0<\/strong>Olympe <strong><span style=\"color: #6688cc;\">int\u00e8gre\u00a0nativement les API<\/span><\/strong> des outils BI leaders du march\u00e9, ce qui rend transparente la manipulation des rapports et des tableaux de bord pour les utilisateurs. D\u00e9velopp\u00e9 en Java, ce portail peut s&#8217;int\u00e9grer facilement aux intranets des organisations gr\u00e2ce \u00e0 un haut niveau de personnalisation de sa charte graphique et l&#8217;utilisation de technologies standard.<\/p>\n<h1><span style=\"color: #6688cc;\"><strong>Les pratiques d\u00e9cisionnelles se propagent<\/strong><\/span><\/h1>\n<p>N&#8217;importe quel utilisateur peut \u00e9diter, modifier, relancer, planifier et publier ses rapports sans<strong><span style=\"color: #6688cc;\"> aucune expertise BI n\u00e9cessaire.<\/span><\/strong><\/p>\n<p><strong><img loading=\"lazy\" decoding=\"async\" class=\"alignnone size-full wp-image-272\" src=\"\/wp-content\/uploads\/2016\/03\/puce.jpg\" alt=\"puce\" width=\"10\" height=\"10\" title=\"\">\u00a0<\/strong>La recherche des rapports est puissante et ais\u00e9e gr\u00e2ce \u00e0 des tris multicrit\u00e8res. Olympe s&#8217;int\u00e8gre \u00e0 votre GED pour l&#8217;archivage automatique.<\/p>\n<p><strong><img loading=\"lazy\" decoding=\"async\" class=\"alignnone size-full wp-image-272\" src=\"\/wp-content\/uploads\/2016\/03\/puce.jpg\" alt=\"puce\" width=\"10\" height=\"10\" title=\"\">\u00a0<\/strong>Un <span style=\"color: #6688cc;\"><strong>scheduler puissant et intuitif<\/strong><\/span> permet de\u00a0programmer facilement tous vos rapports p\u00e9riodiques et de faire le suivi du statut jusqu&#8217;\u00e0 la livraison gr\u00e2ce \u00e0 des\u00a0alertes.<\/p>\n<p><strong><img loading=\"lazy\" decoding=\"async\" class=\"alignnone size-full wp-image-272\" src=\"\/wp-content\/uploads\/2016\/03\/puce.jpg\" alt=\"puce\" width=\"10\" height=\"10\" title=\"\">\u00a0<\/strong>La <strong><span style=\"color: #6688cc;\">publication multiple<\/span><\/strong> permet en quelques clics de produire des milliers de rapports personnalis\u00e9s avec les donn\u00e9es propres \u00e0 chaque utilisateur.<\/p>\n<p><strong><img loading=\"lazy\" decoding=\"async\" class=\"alignnone size-full wp-image-272\" src=\"\/wp-content\/uploads\/2016\/03\/puce.jpg\" alt=\"puce\" width=\"10\" height=\"10\" title=\"\">\u00a0<\/strong>La<span style=\"color: #6688cc;\"><strong>\u00a0plateforme collaborative<\/strong><\/span> permet de diffuser en un clic vos tableaux de bord et vos rapports \u00e0 d&#8217;autres utilisateurs ou d&#8217;autres organisations ou populations d&#8217;utilisateurs. Vous pouvez \u00e9galement noter et commenter tous vos rapports pour partager vos exp\u00e9riences et faire gagner du temps aux autres utilisateurs.<\/p>\n<h1>OLYMPE BI\u00a0INTEGRATION<\/h1>\n<h1><span style=\"color: #6688cc;\"><strong>Votre BI est orchestr\u00e9e et s\u00e9curis\u00e9e<\/strong><\/span><\/h1>\n<p><strong><img loading=\"lazy\" decoding=\"async\" class=\"alignnone size-full wp-image-272\" src=\"\/wp-content\/uploads\/2016\/03\/puce.jpg\" alt=\"puce\" width=\"10\" height=\"10\" title=\"\">\u00a0Olympe BI Integration\u00a0<\/strong><span style=\"color: #6688cc;\"><strong>synchronise tous vos r\u00e9f\u00e9rentiels utilisateurs<\/strong><\/span>\u00a0pour pouvoir importer vos organisations, et g\u00e9rer les notions de r\u00f4les, et de\u00a0droits d&#8217;acc\u00e8s \u00e0 la BI pour les utilisateurs.<img loading=\"lazy\" decoding=\"async\" class=\"alignnone size-full wp-image-1111 alignright\" src=\"\/wp-content\/uploads\/2016\/03\/olympe5.jpg\" alt=\"olympe5\" width=\"577\" height=\"506\" title=\"\"><\/p>\n<p><strong><img loading=\"lazy\" decoding=\"async\" class=\"alignnone size-full wp-image-272\" src=\"\/wp-content\/uploads\/2016\/03\/puce.jpg\" alt=\"puce\" width=\"10\" height=\"10\" title=\"\">\u00a0<\/strong>On ne peut plus h\u00e9riter de tous les droits quand on change de fonction plusieurs fois dans une m\u00eame organisation.<\/p>\n<p><strong><img loading=\"lazy\" decoding=\"async\" class=\"alignnone size-full wp-image-272\" src=\"\/wp-content\/uploads\/2016\/03\/puce.jpg\" alt=\"puce\" width=\"10\" height=\"10\" title=\"\">\u00a0<\/strong>On ne voit que ce qui est autoris\u00e9, rien de plus.<\/p>\n<p><strong><img loading=\"lazy\" decoding=\"async\" class=\"alignnone size-full wp-image-272\" src=\"\/wp-content\/uploads\/2016\/03\/puce.jpg\" alt=\"puce\" width=\"10\" height=\"10\" title=\"\">\u00a0<\/strong>La demande de rapports n&#8217;est possible que lorsque l&#8217;utilisateur a effectivement le droit.<\/p>\n<p><strong><img loading=\"lazy\" decoding=\"async\" class=\"alignnone size-full wp-image-272\" src=\"\/wp-content\/uploads\/2016\/03\/puce.jpg\" alt=\"puce\" width=\"10\" height=\"10\" title=\"\">\u00a0<\/strong>Les annuaires \u00e9tant synchronis\u00e9s avec la base utilisateurs, Olympe h\u00e9rite des droits, r\u00f4les et organisations directement sans ressaisie, ce qui \u00e9vite les probl\u00e8mes de redondance.<\/p>\n<p><strong>Olympe BI Integration<\/strong> organise\u00a0l&#8217;extraction des donn\u00e9es\u00a0et synchronise vos organisations et droits avec les\u00a0annuaires en place. Ce\u00a0contr\u00f4le des acc\u00e8s garantit une confidentialit\u00e9 optimale des informations strat\u00e9giques diffus\u00e9es.\u00a0Il\u00a0partage la m\u00eame interface d&#8217;administration que le front office Olympe BI Portal.<\/p>\n<h1><span style=\"color: #6688cc;\"><strong>Vos outils d\u00e9cisionnels sont int\u00e9gr\u00e9s \u00e0 votre SI<\/strong><\/span><\/h1>\n<p><strong>Olympe Integration Server<\/strong> est la brique d&#8217;int\u00e9gration qui vous permet de produire et de g\u00e9rer toutes les donn\u00e9es dont vous avez besoin pour b\u00e2tir vos tableaux de bord et rapports. Olympe permet notamment de :<strong><img loading=\"lazy\" decoding=\"async\" class=\"alignnone size-full wp-image-1110 alignright\" src=\"\/wp-content\/uploads\/2016\/03\/olympe4.jpg\" alt=\"olympe4\" width=\"577\" height=\"506\" title=\"\"><\/strong><\/p>\n<p><strong><img loading=\"lazy\" decoding=\"async\" class=\"alignnone size-full wp-image-272\" src=\"\/wp-content\/uploads\/2016\/03\/puce.jpg\" alt=\"puce\" width=\"10\" height=\"10\" title=\"\">\u00a0<\/strong>Organiser l&#8217;extraction des donn\u00e9es en provenance de vos applicatifs gr\u00e2ce \u00e0 la technologie d\u00e9pos\u00e9e OSB (Olympe Server Builder) qui permet une <strong><span style=\"color: #6688cc;\">extraction intelligente et s\u00e9lective<\/span><\/strong> des donn\u00e9es. Cela permet d&#8217;\u00e9viter la construction de bases BI inutiles et de surcharger\u00a0vos infrastructures.<\/p>\n<p><span style=\"color: #6688cc;\"><strong><img loading=\"lazy\" decoding=\"async\" class=\"alignnone size-full wp-image-272\" src=\"\/wp-content\/uploads\/2016\/03\/puce.jpg\" alt=\"puce\" width=\"10\" height=\"10\" title=\"\">\u00a0Construire des connecteurs<\/strong><\/span>\u00a0aux bases de donn\u00e9es d\u00e9di\u00e9es au d\u00e9cisionnel lorsque cela s&#8217;av\u00e8re n\u00e9cessaire pour faciliter la manipulation des donn\u00e9es.<\/p>\n<p><strong><span style=\"color: #6688cc;\"><img loading=\"lazy\" decoding=\"async\" class=\"alignnone size-full wp-image-272\" src=\"\/wp-content\/uploads\/2016\/03\/puce.jpg\" alt=\"puce\" width=\"10\" height=\"10\" title=\"\">\u00a0Relier des outils de GED ou d&#8217;ECM<\/span><\/strong> pour le stockage hi\u00e9rarchis\u00e9 des donn\u00e9es.<\/p>\n<p><strong>Olympe Integration Server<\/strong> partage la m\u00eame interface d&#8217;administration qu&#8217;Olympe Portal, ce qui permet un pilotage complet de votre BI avec le m\u00eame outil pour toute votre organisation.<\/p>\n","protected":false},"excerpt":{"rendered":"<p>OLYMPE BI SUITE Solutions d\u00e9cisionnelles Proelan Retourner \u00e0 l&#8217;offre Proelan \u00a0 \u00a0 \u00a0 \u00a0 \u00a0 \u00a0 \u00a0 \u00a0 \u00a0 \u00a0 \u00a0 \u00a0 \u00a0 \u00a0OLYMPE Olympe BI Suite\u00a0est une plateforme d\u00e9cisionnelle compl\u00e8te d\u00e9velopp\u00e9e par la soci\u00e9t\u00e9 Proelan qui g\u00e8re l&#8217;ensemble de la cha\u00eene de valeurs BI depuis l&#8217;extraction des donn\u00e9es des applicatifs jusqu&#8217;\u00e0 la diffusion contr\u00f4l\u00e9e<a href=\"https:\/\/www.proelan.com\/index.php\/logiciels\/\">[&#8230;]<\/a><\/p>\n","protected":false},"author":4,"featured_media":825,"parent":0,"menu_order":0,"comment_status":"closed","ping_status":"closed","template":"template-fullwidth-no-title.php","meta":{"footnotes":""},"class_list":["post-41","page","type-page","status-publish","has-post-thumbnail","hentry"],"_links":{"self":[{"href":"https:\/\/www.proelan.com\/index.php\/wp-json\/wp\/v2\/pages\/41","targetHints":{"allow":["GET"]}}],"collection":[{"href":"https:\/\/www.proelan.com\/index.php\/wp-json\/wp\/v2\/pages"}],"about":[{"href":"https:\/\/www.proelan.com\/index.php\/wp-json\/wp\/v2\/types\/page"}],"author":[{"embeddable":true,"href":"https:\/\/www.proelan.com\/index.php\/wp-json\/wp\/v2\/users\/4"}],"replies":[{"embeddable":true,"href":"https:\/\/www.proelan.com\/index.php\/wp-json\/wp\/v2\/comments?post=41"}],"version-history":[{"count":0,"href":"https:\/\/www.proelan.com\/index.php\/wp-json\/wp\/v2\/pages\/41\/revisions"}],"wp:featuredmedia":[{"embeddable":true,"href":"https:\/\/www.proelan.com\/index.php\/wp-json\/wp\/v2\/media\/825"}],"wp:attachment":[{"href":"https:\/\/www.proelan.com\/index.php\/wp-json\/wp\/v2\/media?parent=41"}],"curies":[{"name":"wp","href":"https:\/\/api.w.org\/{rel}","templated":true}]}}