{"id":39,"date":"2016-03-10T18:44:05","date_gmt":"2016-03-10T17:44:05","guid":{"rendered":"http:\/\/w-cm.net\/wordpress\/?page_id=39"},"modified":"2025-06-17T14:02:38","modified_gmt":"2025-06-17T13:02:38","slug":"conseil-etudes","status":"publish","type":"page","link":"https:\/\/www.proelan.com\/index.php\/conseil-etudes\/","title":{"rendered":"Proelan Consulting"},"content":{"rendered":"<div class=\"pagebannertitle\">\n<div class=\"bannermaintitle\">CONSULTING<\/div>\n<div class=\"bannersubtitle\">Une \u00e9quipe d&#8217;experts pour encadrer vos projets<\/div>\n<\/div>\n<p class=\"navihome\"><a class=\"pull-right textuline\" href=\"\/#focus\">Retourner \u00e0 l&#8217;offre Proelan<\/a><\/p>\n<div class=\"category-desc\">\n<h2><span style=\"color: #ff0000;\">\u00c9tudes et conseil en management et innovation<\/span><\/h2>\n<p>Parce que les entreprises sont confront\u00e9es \u00e0 la n\u00e9cessit\u00e9 de se transformer, Proelan accompagne vos projets sur l\u2019ensemble de la cha\u00eene de valeur, depuis les \u00e9tudes jusqu\u2019\u00e0 l\u2019accompagnement au changement.<\/p>\n<ul>\n<li>Veille technologique, \u00e9tudes d\u2019architecture, benchmark&nbsp;de solutions.<\/li>\n<li>Recherche et D\u00e9veloppement.<\/li>\n<li>Conduite du changement.<\/li>\n<li>Transformation digitale.<\/li>\n<li>Direction de projets.<\/li>\n<\/ul>\n<p>Proelan vous aide sur la d\u00e9finition de vos strat\u00e9gies SI, sur l&#8217;\u00e9valuation des impacts du changement&nbsp;et&nbsp;les meilleurs choix technologiques. Nous mettons \u00e0 votre service des \u00e9quipes pluridisciplinaires qui vous accompagnent dans le choix de vos&nbsp;solutions :<\/p>\n<ul>\n<li>Analystes fonctionnels (analyse de l&#8217;existant, expression des besoins, r\u00e9daction de sp\u00e9cifications, etc).<\/li>\n<li>Architectes logiciels et applicatifs.<\/li>\n<li>Experts M\u00e9thodologie (Agile, Cycle en V, etc).<\/li>\n<li>Docteurs en Informatique.<\/li>\n<li>Experts BI.<\/li>\n<\/ul>\n<p><strong>Gr\u00e2ce \u00e0 la diversit\u00e9 de ses comp\u00e9tences, Proelan sait proposer des solutions parfaitement dimensionn\u00e9es pour r\u00e9pondre aux enjeux de ses clients.<\/strong><\/p>\n<\/div>\n","protected":false},"excerpt":{"rendered":"<p>CONSULTING Une \u00e9quipe d&#8217;experts pour encadrer vos projets Retourner \u00e0 l&#8217;offre Proelan \u00c9tudes et conseil en management et innovation Parce que les entreprises sont confront\u00e9es \u00e0 la n\u00e9cessit\u00e9 de se transformer, Proelan accompagne vos projets sur l\u2019ensemble de la cha\u00eene de valeur, depuis les \u00e9tudes jusqu\u2019\u00e0 l\u2019accompagnement au changement. Veille technologique, \u00e9tudes d\u2019architecture, benchmark&nbsp;de solutions.<a href=\"https:\/\/www.proelan.com\/index.php\/conseil-etudes\/\">[&#8230;]<\/a><\/p>\n","protected":false},"author":4,"featured_media":2628,"parent":0,"menu_order":0,"comment_status":"closed","ping_status":"closed","template":"template-fullwidth-no-title.php","meta":{"footnotes":""},"class_list":["post-39","page","type-page","status-publish","has-post-thumbnail","hentry"],"_links":{"self":[{"href":"https:\/\/www.proelan.com\/index.php\/wp-json\/wp\/v2\/pages\/39","targetHints":{"allow":["GET"]}}],"collection":[{"href":"https:\/\/www.proelan.com\/index.php\/wp-json\/wp\/v2\/pages"}],"about":[{"href":"https:\/\/www.proelan.com\/index.php\/wp-json\/wp\/v2\/types\/page"}],"author":[{"embeddable":true,"href":"https:\/\/www.proelan.com\/index.php\/wp-json\/wp\/v2\/users\/4"}],"replies":[{"embeddable":true,"href":"https:\/\/www.proelan.com\/index.php\/wp-json\/wp\/v2\/comments?post=39"}],"version-history":[{"count":0,"href":"https:\/\/www.proelan.com\/index.php\/wp-json\/wp\/v2\/pages\/39\/revisions"}],"wp:featuredmedia":[{"embeddable":true,"href":"https:\/\/www.proelan.com\/index.php\/wp-json\/wp\/v2\/media\/2628"}],"wp:attachment":[{"href":"https:\/\/www.proelan.com\/index.php\/wp-json\/wp\/v2\/media?parent=39"}],"curies":[{"name":"wp","href":"https:\/\/api.w.org\/{rel}","templated":true}]}}