{"id":37,"date":"2016-03-10T18:43:23","date_gmt":"2016-03-10T17:43:23","guid":{"rendered":"http:\/\/w-cm.net\/wordpress\/?page_id=37"},"modified":"2025-06-17T14:03:47","modified_gmt":"2025-06-17T13:03:47","slug":"services","status":"publish","type":"page","link":"https:\/\/www.proelan.com\/index.php\/services\/","title":{"rendered":"Centre de comp\u00e9tences"},"content":{"rendered":"<div class=\"pagebannertitle\">\n<div class=\"bannermaintitle\">CENTRE DE COMPETENCES<\/div>\n<div class=\"bannersubtitle\">Des ressources adapt\u00e9es \u00e0 vos projets<\/div>\n<\/div>\n<p class=\"navihome\"><a class=\"pull-right textuline\" href=\"\/#focus\">Retourner \u00e0 l&#8217;offre Proelan<\/a><\/p>\n<h2><span style=\"color: #d75140;\"><strong>Proelan vous accompagne sur toutes les phases du projet<\/strong><\/span><\/h2>\n<p>Nous mettons&nbsp;\u00e0 votre disposition les meilleurs experts du march\u00e9 disponibles, soit en d\u00e9l\u00e9gation ou au forfait :<\/p>\n<ul>\n<li><a class=\"textuline\" href=\"\/index.php\/conseil-etudes\/\">Consulting, audit et direction de projets<\/a>.<\/li>\n<li>Gestion de&nbsp;projet : chefs de projet techniques et fonctionnels.<\/li>\n<li>Conception : analystes techniques.<\/li>\n<li>D\u00e9veloppement : d\u00e9veloppeurs dans toutes les technologies du march\u00e9.<\/li>\n<li>Int\u00e9gration, tests complets et qualification.<\/li>\n<li>Formation des utilisateurs.<\/li>\n<li>Documentation.<\/li>\n<\/ul>\n<p>Au fil des ann\u00e9es et des projets, Proelan a d\u00e9velopp\u00e9 une expertise qui vous aidera \u00e0 faire des choix \u00e9clair\u00e9s&nbsp;dans toutes les \u00e9tapes de votre projet.<\/p>\n<h2><span style=\"color: #d75140;\">Une grande diversit\u00e9 de profils et de comp\u00e9tences<\/span><\/h2>\n<p><strong>Profil D\u00e9veloppeur Junior&nbsp;: fra\u00eechement dipl\u00f4m\u00e9 d&#8217;une \u00e9cole d&#8217;ing\u00e9nieur<\/strong><br \/>\nUn d\u00e9veloppeur junior est demand\u00e9&nbsp;pour&nbsp;le d\u00e9veloppement d\u2019applications web ou desktop. Pour les applications web, l&#8217;\u00e9ventail de comp\u00e9tences&nbsp;demand\u00e9 est le plus souvent Java EE ou PHP, Spring, Hibernate.<\/p>\n<p><strong>Profil D\u00e9veloppeur confirm\u00e9 :&nbsp;2 \u00e0 5 ann\u00e9es d\u2019exp\u00e9rience<\/strong><\/p>\n<p>Nous disposons aussi de profils plus \u00e9toff\u00e9s qui&nbsp;ma\u00eetrisent plusieurs outils d&#8217;int\u00e9gration ou de recherche (Solr, Elasticsearch), les Web Services Rest \/ SOAP (Apache CXF, Jersey), les ESB\/ETL (Mule, Talend, Tibco, Biztalk), la s\u00e9curit\u00e9 (Spring Security, Ldap). Ils sont&nbsp;plus aguerris aux <a class=\"textuline\" href=\"\/index.php\/methodologies\/\">m\u00e9thodologies de d\u00e9veloppement<\/a> et savent mettre en place des bonnes pratiques de d\u00e9veloppement (Agile, Cycle en V, TDD, Int\u00e9gration Continue, &#8230;). Ils ont une bonne expertise des bases de donn\u00e9es (Oracle, MySQL, etc).<\/p>\n<p><strong>Profil D\u00e9veloppeur\/Concepteur Senior plus de 6 ann\u00e9es d\u2019exp\u00e9rience<\/strong><br \/>\nIls&nbsp;prennent \u00e0 leur&nbsp;charge les probl\u00e9matiques d\u2019une application ou d\u2019une \u00e9quipe. La gestion des performances, de l\u2019architecture et de la politique de s\u00e9curit\u00e9 sont quelques responsabilit\u00e9s qu\u2019il porte.&nbsp;Ils ont une culture plus forte des processus non seulement dans le d\u00e9veloppement mais aussi au niveau des besoins fonctionnels.<\/p>\n<p>Proelan est en recherche permanente de nouveaux talents. Aussi n&#8217;h\u00e9sitez pas \u00e0 consulter <a href=\"\/index.php\/values\/\">nos postes \u00e0 pourvoir<\/a>.<\/p>\n<h2><span style=\"color: #d75140;\"><strong>Quelques r\u00e9alisations<\/strong><\/span><\/h2>\n<ul>\n<li>AMOA dans l&#8217;accompagnement de projet (pilotage, cahier des charges, validation).<\/li>\n<li>Pilotage de projet de d\u00e9ploiement et de d\u00e9veloppement de progiciels.<\/li>\n<li>Mise en \u0153uvre de solutions et applications industrielles en environnement Web, PHP, Java, .Net.<\/li>\n<li><a class=\"textuline\" href=\"\/index.php\/direction-de-projet\/\">Conseil et la mise en place de solutions logicielles dans le domaine de la business intelligence<\/a>.<\/li>\n<li>Prise en compte de TMA et de TRA.<\/li>\n<li>Expertise SGBD Oracle &#8211; Sql Server, Mysql (d\u00e9veloppement et tuning d&#8217;application).<\/li>\n<li>Mise en \u0153uvre de migrations de donn\u00e9es.<\/li>\n<li>Mise en \u0153uvre des Outils de BI (Exemple SAS, Microsoft, BO\/CR, jasperReport,&#8230;).<\/li>\n<li>Expertise PLM (PTC Technologies, TeamCenter , Windchill,\u2026).<\/li>\n<\/ul>\n","protected":false},"excerpt":{"rendered":"<p>CENTRE DE COMPETENCES Des ressources adapt\u00e9es \u00e0 vos projets Retourner \u00e0 l&#8217;offre Proelan Proelan vous accompagne sur toutes les phases du projet Nous mettons&nbsp;\u00e0 votre disposition les meilleurs experts du march\u00e9 disponibles, soit en d\u00e9l\u00e9gation ou au forfait : Consulting, audit et direction de projets. Gestion de&nbsp;projet : chefs de projet techniques et fonctionnels. Conception<a href=\"https:\/\/www.proelan.com\/index.php\/services\/\">[&#8230;]<\/a><\/p>\n","protected":false},"author":4,"featured_media":2628,"parent":0,"menu_order":0,"comment_status":"closed","ping_status":"closed","template":"template-fullwidth-no-title.php","meta":{"footnotes":""},"class_list":["post-37","page","type-page","status-publish","has-post-thumbnail","hentry"],"_links":{"self":[{"href":"https:\/\/www.proelan.com\/index.php\/wp-json\/wp\/v2\/pages\/37","targetHints":{"allow":["GET"]}}],"collection":[{"href":"https:\/\/www.proelan.com\/index.php\/wp-json\/wp\/v2\/pages"}],"about":[{"href":"https:\/\/www.proelan.com\/index.php\/wp-json\/wp\/v2\/types\/page"}],"author":[{"embeddable":true,"href":"https:\/\/www.proelan.com\/index.php\/wp-json\/wp\/v2\/users\/4"}],"replies":[{"embeddable":true,"href":"https:\/\/www.proelan.com\/index.php\/wp-json\/wp\/v2\/comments?post=37"}],"version-history":[{"count":0,"href":"https:\/\/www.proelan.com\/index.php\/wp-json\/wp\/v2\/pages\/37\/revisions"}],"wp:featuredmedia":[{"embeddable":true,"href":"https:\/\/www.proelan.com\/index.php\/wp-json\/wp\/v2\/media\/2628"}],"wp:attachment":[{"href":"https:\/\/www.proelan.com\/index.php\/wp-json\/wp\/v2\/media?parent=37"}],"curies":[{"name":"wp","href":"https:\/\/api.w.org\/{rel}","templated":true}]}}